{"id":3120,"date":"2022-05-11T13:09:56","date_gmt":"2022-05-11T13:09:56","guid":{"rendered":"https:\/\/gestoriamonmar.com\/politica-de-cookies\/"},"modified":"2022-07-13T11:43:09","modified_gmt":"2022-07-13T11:43:09","slug":"politica-de-cookies","status":"publish","type":"page","link":"https:\/\/gestoriamonmar.com\/ca\/politica-de-cookies\/","title":{"rendered":"Pol\u00edtica de cookies"},"content":{"rendered":"<div class=\"wpb-content-wrapper\"><p>[vc_row][vc_column][vc_column_text]<\/p>\r\n<h2 class=\"wp-block-heading\">Informaci\u00f3 sobre cookies<\/h2>\r\n<p>En compliment amb el deure d&#8217;informaci\u00f3 recollit en l&#8217;apartat 2n de l&#8217;article 22 de la Llei 34\/2002, d&#8217;11 de Juliol, de Serveis de la Societat de la Informaci\u00f3 i del Comer\u00e7 Electr\u00f2nic, la present pol\u00edtica de cookies t\u00e9 per finalitat informar-lo de manera clara i precisa sobre les cookies que s&#8217;utilitzen en la p\u00e0gina Web de\u00a0GESTORIA\u00a0MONMAR\u00a0SCP<\/p>\r\n<h2>Qu\u00e8 s\u00f3n les cookies?<\/h2>\r\n<p>Una\u00a0cookie\u00a0\u00e9s un fitxer de petita grand\u00e0ria que els llocs web envien al navegador i es descarreguen en el seu ordinador. Les cookies permeten que la p\u00e0gina Web emmagatzemi i recuperi la informaci\u00f3 sobre la seva visita, com el seu idioma preferit i altres opcions, amb la finalitat de millorar els serveis que s&#8217;ofereixen i contribuir a tenir una millor experi\u00e8ncia de navegaci\u00f3 per a l&#8217;usuari.<\/p>\r\n<h2>Autoritzaci\u00f3 per a l&#8217;\u00fas de cookies<\/h2>\r\n<p>De conformitat amb l&#8217;av\u00eds de cookies que apareix en el lloc web, l&#8217;usuari accepta que, en navegar per aquest, consent expressament l&#8217;\u00fas de cookies segons la descripci\u00f3 que a continuaci\u00f3 es detalla, sense perjudici que l&#8217;usuari pugui modificar la configuraci\u00f3 del seu navegador per a rebutjar l&#8217;\u00fas de les cookies.<\/p>\r\n<h2>Tipus de cookies<\/h2>\r\n<p>En funci\u00f3 de qui gestioni el domini des d&#8217;on s&#8217;envien les cookies i es tractin les dades, es distingir\u00e0 entre cookies pr\u00f2pies i cookies de tercers.<\/p>\r\n<p>Les cookies tamb\u00e9 poden classificar-se segons el termini de temps que romanguin emmagatzemades en el navegador de l&#8217;usuari, distingint-se entre cookies de sessi\u00f3 o cookies persistents.<\/p>\r\n<p>Finalment, en funci\u00f3 de la finalitat per a la qual es tracti la informaci\u00f3 recopilada, les cookies es poden classificar en les seg\u00fcents categories:<\/p>\r\n<ul>\r\n<li>Cookies t\u00e8cniques: permeten a l&#8217;usuari navegar per un lloc web i utilitzar alguns dels serveis oferts pel mateix (com per exemple, les que serveixen per a recordar els elements integrants d&#8217;un carret de compra).<\/li>\r\n<li>Cookies de personalitzaci\u00f3: permeten que l&#8217;usuari accedeixi al lloc web amb unes caracter\u00edstiques determinades, com pot ser l&#8217;idioma.<\/li>\r\n<li>Cookies de seguretat: serveixen per a impedir o dificultar els atacs contra el lloc web.<\/li>\r\n<li>Cookies de complement per a intercanviar continguts socials: els anomenats connector, que permeten compartir continguts en xarxes socials.<\/li>\r\n<li>Cookies d&#8217;an\u00e0lisis: permeten al responsable el seguiment del comportament de l&#8217;usuari.<\/li>\r\n<li>Cookies publicit\u00e0ries: permeten gestionar els espais de publicitat del lloc web.<\/li>\r\n<li>Cookies de publicitat comportamental: com les anteriors, serveixen per a gestionar els espais de publicitat del lloc web en funci\u00f3 de la informaci\u00f3 recollida sobre el comportament de l&#8217;usuari i els seus h\u00e0bits, adaptant la publicitat al perfil de l&#8217;usuari.<\/li>\r\n<li>Cookies de geolocalitzaci\u00f3: utilitzades per a esbrinar el pa\u00eds on es troba l&#8217;usuari.<\/li>\r\n<\/ul>\r\n<h2>Com modificar la configuraci\u00f3 de les cookies<\/h2>\r\n<p>Vost\u00e8 pot restringir, bloquejar o esborrar les cookies de\u00a0GESTORIA\u00a0MONMAR\u00a0SCP\u00a0o qualsevol altra p\u00e0gina Web utilitzant el seu navegador. En cada navegador l&#8217;operativa \u00e9s diferent, pot trobar com fer-ho en el men\u00fa d&#8217;ajuda del seu navegador on s&#8217;estableix el procediment per a la seva eliminaci\u00f3. Per a m\u00e9s informaci\u00f3:<\/p>\r\n<p>Google Chrome: <a href=\"https:\/\/support.google.com\/chrome\/answer\/95647?co=GENIE.Platform%3DDesktop&amp;hl=es\">https:\/\/support.google.com\/chrome\/answer\/95647?co=GENIE.Platform%3DDesktop&amp;hl=es<\/a><\/p>\r\n<p>Mozilla Firefox: <a href=\"https:\/\/support.mozilla.org\/es\/kb\/habilitar-y-deshabilitar-cookies-sitios-web-rastrear-preferencias\">https:\/\/support.mozilla.org\/es\/kb\/habilitar-y-deshabilitar-cookies-sitios-web-rastrear-preferencias<\/a><\/p>\r\n<p>Safari: <a href=\"https:\/\/support.apple.com\/es-es\/guide\/safari\/sfri11471\/mac\">https:\/\/support.apple.com\/es-es\/guide\/safari\/sfri11471\/mac<\/a><\/p>\r\n<p>Internet Explorer: <a href=\"https:\/\/support.microsoft.com\/es-es\/help\/278835\/how-to-delete-cookie-files-in-internet-explorer\">https:\/\/support.microsoft.com\/es-es\/help\/278835\/how-to-delete-cookie-files-in-internet-explorer<\/a><\/p>\r\n<p>\u00c9s possible que en deshabilitar les cookies la p\u00e0gina Web no funcioni correctament o no pugui accedir a determinades funcions d&#8217;aquesta.<\/p>\r\n<h2>Cookies utilitzades en la Web<\/h2>\r\n<p>En el portal Web s&#8217;utilitzen diferents tipus de cookies amb diferents finalitats, a continuaci\u00f3 s&#8217;enumeren les cookies emprades:<\/p>\r\n<p>[\/vc_column_text][vc_column_text]<\/p>\r\n<table width=\"100%\">\r\n<thead>\r\n<tr>\r\n<td width=\"82\"><strong>Tipus de cookies<\/strong><\/td>\r\n<td width=\"104\"><strong>cookies<\/strong><\/td>\r\n<td width=\"96\"><strong>Duraci\u00f3<\/strong><\/td>\r\n<td width=\"191\"><strong>Us<\/strong><\/td>\r\n<\/tr>\r\n<\/thead>\r\n<tbody>\r\n<tr>\r\n<td width=\"82\">Gestor de contingut<\/td>\r\n<td width=\"104\">wp_lang<\/td>\r\n<td width=\"96\">Sessi\u00f3<\/td>\r\n<td width=\"191\">Emmagatzema l&#8217;idioma de navegaci\u00f3 web<\/td>\r\n<\/tr>\r\n<tr>\r\n<td width=\"82\">Gestor de contingut<\/td>\r\n<td width=\"104\">wordpress_test_cookie<\/td>\r\n<td width=\"96\">Sessi\u00f3<\/td>\r\n<td width=\"191\">Aquesta\u00a0cookie\u00a0s&#8217;utilitza per a personalitzar la interf\u00edcie d&#8217;usuari<\/td>\r\n<\/tr>\r\n<tr>\r\n<td width=\"82\">Gestor de contingut<\/td>\r\n<td width=\"104\">cookie_notice_accepted<\/td>\r\n<td width=\"96\">1 mes<\/td>\r\n<td width=\"191\">Guarda l&#8217;acceptaci\u00f3 de les cookies del lloc web<\/td>\r\n<\/tr>\r\n<\/tbody>\r\n<\/table>\r\n<p>[\/vc_column_text][vc_column_text]<\/p>\r\n<h2>Modificaci\u00f3 de les condicions<\/h2>\r\n<p>GESTORIA\u00a0MONMAR\u00a0SCP\u00a0es reserva expressament el dret a modificar unilateralment, totalment o parcialment, sense necessitat de previ av\u00eds, la present Pol\u00edtica de Cookies. L&#8217;usuari reconeix i accepta que \u00e9s la seva responsabilitat revisar la present Pol\u00edtica de Cookies.<\/p>\r\n<p>[\/vc_column_text][\/vc_column][\/vc_row]<\/p><\/div>","protected":false},"excerpt":{"rendered":"<p>[vc_row][vc_column][vc_column_text] Informaci\u00f3 sobre cookies En compliment amb el deure d&#8217;informaci\u00f3 recollit en l&#8217;apartat 2n de l&#8217;article 22 de la Llei 34\/2002, d&#8217;11 de [&hellip;]<\/p>\n","protected":false},"author":1,"featured_media":0,"parent":0,"menu_order":0,"comment_status":"closed","ping_status":"closed","template":"","meta":{"footnotes":""},"class_list":["post-3120","page","type-page","status-publish","hentry"],"aioseo_notices":[],"_links":{"self":[{"href":"https:\/\/gestoriamonmar.com\/ca\/wp-json\/wp\/v2\/pages\/3120","targetHints":{"allow":["GET"]}}],"collection":[{"href":"https:\/\/gestoriamonmar.com\/ca\/wp-json\/wp\/v2\/pages"}],"about":[{"href":"https:\/\/gestoriamonmar.com\/ca\/wp-json\/wp\/v2\/types\/page"}],"author":[{"embeddable":true,"href":"https:\/\/gestoriamonmar.com\/ca\/wp-json\/wp\/v2\/users\/1"}],"replies":[{"embeddable":true,"href":"https:\/\/gestoriamonmar.com\/ca\/wp-json\/wp\/v2\/comments?post=3120"}],"version-history":[{"count":3,"href":"https:\/\/gestoriamonmar.com\/ca\/wp-json\/wp\/v2\/pages\/3120\/revisions"}],"predecessor-version":[{"id":3138,"href":"https:\/\/gestoriamonmar.com\/ca\/wp-json\/wp\/v2\/pages\/3120\/revisions\/3138"}],"wp:attachment":[{"href":"https:\/\/gestoriamonmar.com\/ca\/wp-json\/wp\/v2\/media?parent=3120"}],"curies":[{"name":"wp","href":"https:\/\/api.w.org\/{rel}","templated":true}]}}