{"id":3114,"date":"2022-04-21T07:49:44","date_gmt":"2022-04-21T07:49:44","guid":{"rendered":"https:\/\/gestoriamonmar.com\/servicios\/"},"modified":"2022-07-13T09:56:48","modified_gmt":"2022-07-13T09:56:48","slug":"serveis","status":"publish","type":"page","link":"https:\/\/gestoriamonmar.com\/ca\/serveis\/","title":{"rendered":"Serveis"},"content":{"rendered":"<div class=\"wpb-content-wrapper\"><p>[vc_row][vc_column width=&#8221;1\/5&#8243;][vc_single_image image=&#8221;2917&#8243; img_size=&#8221;medium&#8221;][vc_column_text]<\/p>\n<h4 style=\"text-align: center;\"><a href=\"#contable\">Assessoria Comptable<\/a><\/h4>\n<p>[\/vc_column_text][\/vc_column][vc_column width=&#8221;1\/5&#8243;][vc_single_image image=&#8221;2918&#8243; img_size=&#8221;medium&#8221;][vc_column_text]<\/p>\n<h4 style=\"text-align: center;\"><a href=\"#fiscal\">Assessoria Fiscal<\/a><\/h4>\n<p>[\/vc_column_text][\/vc_column][vc_column width=&#8221;1\/5&#8243;][vc_single_image image=&#8221;2919&#8243; img_size=&#8221;medium&#8221;][vc_column_text]<\/p>\n<h4 style=\"text-align: center;\"><a href=\"#laboral\">Assessoria Laboral<\/a><\/h4>\n<p>[\/vc_column_text][\/vc_column][vc_column width=&#8221;1\/5&#8243;][vc_single_image image=&#8221;2922&#8243; img_size=&#8221;medium&#8221;][vc_column_text]<\/p>\n<h4 style=\"text-align: center;\"><a href=\"#mercantil\">Assessoria Mercantil<\/a><\/h4>\n<p>[\/vc_column_text][\/vc_column][vc_column width=&#8221;1\/5&#8243;][vc_single_image image=&#8221;2921&#8243; img_size=&#8221;medium&#8221;][vc_column_text]<\/p>\n<h4 style=\"text-align: center;\"><a href=\"#trafico\">Tr\u00e0nsit<\/a><\/h4>\n<p>[\/vc_column_text][\/vc_column][\/vc_row][vc_row][vc_column][vc_tta_accordion title_tag=&#8221;h5&#8243; section_title_tag=&#8221;h5&#8243; style=&#8221;flat&#8221; color=&#8221;blue&#8221; spacing=&#8221;1&#8243; gap=&#8221;1&#8243; c_align=&#8221;center&#8221; active_section=&#8221;1&#8243; no_fill=&#8221;true&#8221; collapsible_all=&#8221;true&#8221;][vc_tta_section title=&#8221;Assessoria Comptable&#8221; tab_id=&#8221;contable&#8221;][vc_row_inner][vc_column_inner width=&#8221;2\/3&#8243;][vc_column_text]<\/p>\n<ul>\n<li data-leveltext=\"-\" data-font=\"Roboto\" data-listid=\"6\" aria-setsize=\"-1\" data-aria-posinset=\"0\" data-aria-level=\"1\"><span data-contrast=\"none\">Assessorament comptable.<\/span><span data-ccp-props=\"{&quot;134233117&quot;:true,&quot;134233118&quot;:true,&quot;201341983&quot;:0,&quot;335551550&quot;:6,&quot;335551620&quot;:6,&quot;335559739&quot;:160,&quot;335559740&quot;:240}\">\u00a0<\/span><\/li>\n<li data-leveltext=\"-\" data-font=\"Roboto\" data-listid=\"6\" aria-setsize=\"-1\" data-aria-posinset=\"0\" data-aria-level=\"1\">Gesti\u00f3 d&#8217;assentaments comptables, obertura i tancament de l&#8217;exercici, segons\u00a0NPGC.<\/li>\n<li data-leveltext=\"-\" data-font=\"Roboto\" data-listid=\"6\" aria-setsize=\"-1\" data-aria-posinset=\"0\" data-aria-level=\"1\"><span data-ccp-props=\"{&quot;134233117&quot;:true,&quot;134233118&quot;:true,&quot;201341983&quot;:0,&quot;335551550&quot;:6,&quot;335551620&quot;:6,&quot;335559739&quot;:160,&quot;335559740&quot;:240}\">Balan\u00e7os i resultats comptables trimestrals i anuals. <\/span><\/li>\n<li data-leveltext=\"-\" data-font=\"Roboto\" data-listid=\"6\" aria-setsize=\"-1\" data-aria-posinset=\"0\" data-aria-level=\"1\">Elaboraci\u00f3 dels estats financers.<\/li>\n<li data-leveltext=\"-\" data-font=\"Roboto\" data-listid=\"6\" aria-setsize=\"-1\" data-aria-posinset=\"0\" data-aria-level=\"1\">Confecci\u00f3 i legalitzaci\u00f3 de llibres comptables oficials.<\/li>\n<li data-leveltext=\"-\" data-font=\"Roboto\" data-listid=\"6\" aria-setsize=\"-1\" data-aria-posinset=\"0\" data-aria-level=\"1\">Confecci\u00f3 i Dip\u00f2sit de comptes Anuals en el Registre Mercantil.<\/li>\n<\/ul>\n<p>[\/vc_column_text][\/vc_column_inner][vc_column_inner width=&#8221;1\/3&#8243;][vc_empty_space height=&#8221;10px&#8221;][vc_single_image image=&#8221;2933&#8243; img_size=&#8221;medium&#8221;][\/vc_column_inner][\/vc_row_inner][\/vc_tta_section][vc_tta_section title=&#8221;Assessoria Fiscal&#8221; tab_id=&#8221;fiscal&#8221;][vc_row_inner][vc_column_inner][vc_column_text]Assessorem els nostres clients en totes les q\u00fcestions relatives a fiscalitat i tributaci\u00f3 d&#8217;impostos, tant a nivell particular com empresarial i aut\u00f2noms.<\/p>\n<p>Els principals serveis:[\/vc_column_text][\/vc_column_inner][\/vc_row_inner][vc_row_inner][vc_column_inner width=&#8221;1\/3&#8243;][vc_single_image image=&#8221;2935&#8243; img_size=&#8221;medium&#8221;][\/vc_column_inner][vc_column_inner width=&#8221;2\/3&#8243;][vc_column_text]<\/p>\n<ul>\n<li>Assessorament en l&#8217;\u00e0mbit tributari per a Aut\u00f2noms i Empreses.<\/li>\n<li data-leveltext=\"\uf0b7\" data-font=\"Symbol\" data-listid=\"5\" aria-setsize=\"-1\" data-aria-posinset=\"1\" data-aria-level=\"1\">Gestions i liquidacions tribut\u00e0ries adequades a les teves necessitats:\u00a0 IVA (Model 303\/390), IRPF (Model 130\/131\/100), Pagaments a compte d&#8217;IRPF (Models 115\/180) , Imposat de Societats (Model 200\/202), Operacions Intracomunit\u00e0ries (Model 349), Intrastat, SII.<\/li>\n<li data-leveltext=\"\uf0b7\" data-font=\"Symbol\" data-listid=\"5\" aria-setsize=\"-1\" data-aria-posinset=\"2\" data-aria-level=\"1\">Requeriments, inspeccions, Recursos i Reclamacions administratives davant AG\u00c8NCIA TRIBUT\u00c0RIA (AEAT).<\/li>\n<li data-leveltext=\"\uf0b7\" data-font=\"Symbol\" data-listid=\"5\" aria-setsize=\"-1\" data-aria-posinset=\"3\" data-aria-level=\"1\">Ajornaments i fraccionaments dels deutes amb hisenda.<\/li>\n<li data-leveltext=\"\uf0b7\" data-font=\"Symbol\" data-listid=\"5\" aria-setsize=\"-1\" data-aria-posinset=\"4\" data-aria-level=\"1\">Confecci\u00f3 de llibres registro d&#8217;IVA i IRPF, tant per a Estimaci\u00f3 Directa com estimaci\u00f3 objectiva\u00a0 (m\u00f2duls).<\/li>\n<li data-leveltext=\"\uf0b7\" data-font=\"Symbol\" data-listid=\"5\" aria-setsize=\"-1\" data-aria-posinset=\"5\" data-aria-level=\"1\">Gesti\u00f3 censal: alta, baixa i modificaci\u00f3 (models 036\/037\/030)<\/li>\n<li data-leveltext=\"\uf0b7\" data-font=\"Symbol\" data-listid=\"5\" aria-setsize=\"-1\" data-aria-posinset=\"5\" data-aria-level=\"1\">Revisi\u00f3 i assessorament per a la confecci\u00f3 de factures emeses.<\/li>\n<li data-leveltext=\"\uf0b7\" data-font=\"Symbol\" data-listid=\"5\" aria-setsize=\"-1\" data-aria-posinset=\"5\" data-aria-level=\"1\">Gesti\u00f3 de la Declaraci\u00f3 de Renda i de l&#8217;Impost sobre el Patrimoni.<\/li>\n<li data-leveltext=\"\uf0b7\" data-font=\"Symbol\" data-listid=\"5\" aria-setsize=\"-1\" data-aria-posinset=\"5\" data-aria-level=\"1\">Tamb\u00e9 tramitem declaracions complement\u00e0ries i fora de termini.<\/li>\n<\/ul>\n<p>[\/vc_column_text][\/vc_column_inner][\/vc_row_inner][\/vc_tta_section][vc_tta_section title=&#8221;Assessoria Laboral&#8221; tab_id=&#8221;laboral&#8221;][vc_row_inner][vc_column_inner][vc_column_text]Assessorament integral a empreses, aut\u00f2noms i particulars en qualsevol problem\u00e0tica derivada del m\u00f3n laboral, i les nostres gestions abasten l&#8217;assessorament, consultoria, gestions i tr\u00e0mits de tots els aspectes legals i administratius.<\/p>\n<p>Oferim entre altres serveis:[\/vc_column_text][\/vc_column_inner][\/vc_row_inner][vc_row_inner][vc_column_inner width=&#8221;2\/3&#8243;][vc_column_text]<\/p>\n<ul>\n<li data-leveltext=\"\uf0b7\" data-font=\"Symbol\" data-listid=\"2\" aria-setsize=\"-1\" data-aria-posinset=\"1\" data-aria-level=\"1\">Assessorament previ a l&#8217;activitat laboral.<\/li>\n<li data-leveltext=\"\uf0b7\" data-font=\"Symbol\" data-listid=\"2\" aria-setsize=\"-1\" data-aria-posinset=\"2\" data-aria-level=\"1\">Assessorament R\u00e8gim de la Seguretat Social: General, Aut\u00f2noms, Servei Dom\u00e8stic&#8230;<\/li>\n<li data-leveltext=\"\uf0b7\" data-font=\"Symbol\" data-listid=\"2\" aria-setsize=\"-1\" data-aria-posinset=\"3\" data-aria-level=\"1\">Altes, baixes i modificacions en el r\u00e8gim especial de treballadors aut\u00f2noms.<\/li>\n<li data-leveltext=\"\uf0b7\" data-font=\"Symbol\" data-listid=\"2\" aria-setsize=\"-1\" data-aria-posinset=\"3\" data-aria-level=\"1\">Inscripci\u00f3 d&#8217;empreses a la Seguretat Social.<\/li>\n<li data-leveltext=\"\uf0b7\" data-font=\"Symbol\" data-listid=\"2\" aria-setsize=\"-1\" data-aria-posinset=\"3\" data-aria-level=\"1\"><span data-ccp-props=\"{&quot;134233117&quot;:true,&quot;134233118&quot;:true,&quot;201341983&quot;:0,&quot;335551550&quot;:6,&quot;335551620&quot;:6,&quot;335559739&quot;:160,&quot;335559740&quot;:240}\">Obertura centro de centres de treball. <\/span><\/li>\n<li data-leveltext=\"\uf0b7\" data-font=\"Symbol\" data-listid=\"2\" aria-setsize=\"-1\" data-aria-posinset=\"3\" data-aria-level=\"1\">Contractaci\u00f3 Laboral: confecci\u00f3 dels contractes de treball, pr\u00f2rrogues i renovacions i la comunicaci\u00f3 dels mateix, aix\u00ed com el plantejament de la millor opci\u00f3 contractual a realitzar, estudiant les diferents modalitats i possibles subvencions i bonificacions.<\/li>\n<li data-leveltext=\"\uf0b7\" data-font=\"Symbol\" data-listid=\"2\" aria-setsize=\"-1\" data-aria-posinset=\"3\" data-aria-level=\"1\">Altes i baixes de treballadors. Variaci\u00f3 de dades.<\/li>\n<li data-leveltext=\"\uf0b7\" data-font=\"Symbol\" data-listid=\"2\" aria-setsize=\"-1\" data-aria-posinset=\"3\" data-aria-level=\"1\">C\u00e0lcul i confecci\u00f3 de n\u00f2mines.<\/li>\n<li data-leveltext=\"\uf0b7\" data-font=\"Symbol\" data-listid=\"2\" aria-setsize=\"-1\" data-aria-posinset=\"3\" data-aria-level=\"1\">C\u00e0lcul i confecci\u00f3 de liquidacions i quitances.<\/li>\n<li data-leveltext=\"\uf0b7\" data-font=\"Symbol\" data-listid=\"2\" aria-setsize=\"-1\" data-aria-posinset=\"3\" data-aria-level=\"1\"><span data-ccp-props=\"{&quot;134233117&quot;:true,&quot;134233118&quot;:true,&quot;201341983&quot;:0,&quot;335551550&quot;:6,&quot;335551620&quot;:6,&quot;335559739&quot;:160,&quot;335559740&quot;:240}\">Confecci\u00f3 i tramitaci\u00f3 de parts de malaltia i accident de treball.<\/span><\/li>\n<li data-leveltext=\"\uf0b7\" data-font=\"Symbol\" data-listid=\"2\" aria-setsize=\"-1\" data-aria-posinset=\"3\" data-aria-level=\"1\">Cotitzaci\u00f3 R\u00e8gim General a la Seguretat Social (confecci\u00f3 d&#8217;Assegurances Socials) i Aut\u00f2noms.<\/li>\n<li data-leveltext=\"\uf0b7\" data-font=\"Symbol\" data-listid=\"2\" aria-setsize=\"-1\" data-aria-posinset=\"3\" data-aria-level=\"1\">Declaracions de retencions a compte de l&#8217;IRPF (MODELS 145, 111 i 190).<\/li>\n<li data-leveltext=\"\uf0b7\" data-font=\"Symbol\" data-listid=\"2\" aria-setsize=\"-1\" data-aria-posinset=\"3\" data-aria-level=\"1\">Assessorament de convenis laborals.<\/li>\n<li data-leveltext=\"\uf0b7\" data-font=\"Symbol\" data-listid=\"2\" aria-setsize=\"-1\" data-aria-posinset=\"3\" data-aria-level=\"1\">Calendaris Laborals.<\/li>\n<li data-leveltext=\"\uf0b7\" data-font=\"Symbol\" data-listid=\"2\" aria-setsize=\"-1\" data-aria-posinset=\"3\" data-aria-level=\"1\">An\u00e0lisi de costos laborals.<\/li>\n<li data-leveltext=\"\uf0b7\" data-font=\"Symbol\" data-listid=\"2\" aria-setsize=\"-1\" data-aria-posinset=\"3\" data-aria-level=\"1\">Gesti\u00f3 certificat corrent de pagament a la seguretat social.<\/li>\n<li data-leveltext=\"\uf0b7\" data-font=\"Symbol\" data-listid=\"2\" aria-setsize=\"-1\" data-aria-posinset=\"3\" data-aria-level=\"1\">Preparaci\u00f3 i assist\u00e8ncia Inspecci\u00f3 de treball.<\/li>\n<li data-leveltext=\"\uf0b7\" data-font=\"Symbol\" data-listid=\"2\" aria-setsize=\"-1\" data-aria-posinset=\"3\" data-aria-level=\"1\">Assessorament amb la prestaci\u00f3 i capitalitzaci\u00f3 de la desocupaci\u00f3.<\/li>\n<li data-leveltext=\"\uf0b7\" data-font=\"Symbol\" data-listid=\"2\" aria-setsize=\"-1\" data-aria-posinset=\"3\" data-aria-level=\"1\">C\u00e0lcul i tramitaci\u00f3 de jubilaci\u00f3, prestacions per incapacitat, maternitat, paternitat\u2026<\/li>\n<\/ul>\n<p>[\/vc_column_text][\/vc_column_inner][vc_column_inner width=&#8221;1\/3&#8243;][vc_single_image image=&#8221;2937&#8243; img_size=&#8221;full&#8221; alignment=&#8221;center&#8221;][\/vc_column_inner][\/vc_row_inner][\/vc_tta_section][vc_tta_section title=&#8221;Assessoria Mercantil&#8221; tab_id=&#8221;mercantil&#8221;][vc_row_inner][vc_column_inner width=&#8221;1\/2&#8243;][vc_column_text]<\/p>\n<ul style=\"font-weight: 400;\">\n<li data-leveltext=\"\uf0b7\" data-font=\"Symbol\" data-listid=\"4\" aria-setsize=\"-1\" data-aria-posinset=\"1\" data-aria-level=\"1\"><span data-contrast=\"auto\">Punt PAE<\/span><span data-ccp-props=\"{&quot;201341983&quot;:0,&quot;335559739&quot;:160,&quot;335559740&quot;:259}\">\u00a0<\/span><\/li>\n<li data-leveltext=\"\uf0b7\" data-font=\"Symbol\" data-listid=\"4\" aria-setsize=\"-1\" data-aria-posinset=\"2\" data-aria-level=\"1\">Constituci\u00f3 de Societats\u00a0Express<\/li>\n<li data-leveltext=\"\uf0b7\" data-font=\"Symbol\" data-listid=\"4\" aria-setsize=\"-1\" data-aria-posinset=\"3\" data-aria-level=\"1\"><span data-ccp-props=\"{&quot;201341983&quot;:0,&quot;335559739&quot;:160,&quot;335559740&quot;:259}\">Constituci\u00f3 de Societats Civils <\/span><\/li>\n<\/ul>\n<p>[\/vc_column_text][\/vc_column_inner][vc_column_inner width=&#8221;1\/2&#8243;][vc_single_image image=&#8221;2929&#8243; img_size=&#8221;medium&#8221; alignment=&#8221;center&#8221;][\/vc_column_inner][\/vc_row_inner][\/vc_tta_section][vc_tta_section title=&#8221;Tr\u00e0nsit&#8221; tab_id=&#8221;trafico&#8221;][vc_row_inner][vc_column_inner width=&#8221;1\/3&#8243;][vc_single_image image=&#8221;2938&#8243; img_size=&#8221;full&#8221; alignment=&#8221;center&#8221;][\/vc_column_inner][vc_column_inner width=&#8221;2\/3&#8243;][vc_column_text]Com a Gestoria Administrativa col\u00b7legiada oferim:<\/p>\n<ul>\n<li data-leveltext=\"\uf0b7\" data-font=\"Symbol\" data-listid=\"1\" aria-setsize=\"-1\" data-aria-posinset=\"1\" data-aria-level=\"1\">Transfer\u00e8ncies telem\u00e0tiques de vehicles.<\/li>\n<li data-leveltext=\"\uf0b7\" data-font=\"Symbol\" data-listid=\"1\" aria-setsize=\"-1\" data-aria-posinset=\"1\" data-aria-level=\"1\">Baixes de vehicles.<\/li>\n<li data-leveltext=\"\uf0b7\" data-font=\"Symbol\" data-listid=\"1\" aria-setsize=\"-1\" data-aria-posinset=\"1\" data-aria-level=\"1\">Duplicats del perm\u00eds de circulaci\u00f3.<\/li>\n<li data-leveltext=\"\uf0b7\" data-font=\"Symbol\" data-listid=\"1\" aria-setsize=\"-1\" data-aria-posinset=\"1\" data-aria-level=\"1\">Informes de tr\u00e0nsit.<\/li>\n<li data-leveltext=\"\uf0b7\" data-font=\"Symbol\" data-listid=\"1\" aria-setsize=\"-1\" data-aria-posinset=\"1\" data-aria-level=\"1\">Canvi de domicili perm\u00eds de conduir i perm\u00eds de circulaci\u00f3.<\/li>\n<\/ul>\n<p>[\/vc_column_text][\/vc_column_inner][\/vc_row_inner][\/vc_tta_section][\/vc_tta_accordion][\/vc_column][\/vc_row][vc_row][vc_column][vc_separator color=&#8221;blue&#8221; border_width=&#8221;2&#8243; el_width=&#8221;70&#8243;][\/vc_column][\/vc_row][vc_row css=&#8221;.vc_custom_1652264050013{background-color: #ffffff !important;}&#8221;][vc_column][vc_column_text]<\/p>\n<h3 style=\"text-align: center;\">Pressupost sense comprom\u00eds<\/h3>\n<h5 style=\"text-align: center;\">Posa&#8217;t en contacte amb nosaltres i estudiarem el teu cas de forma personalitzada<\/h5>\n<p>[\/vc_column_text][vc_btn title=&#8221;OBTINGUES EL TEU PRESSUPOST&#8221; style=&#8221;flat&#8221; color=&#8221;blue&#8221; align=&#8221;center&#8221; link=&#8221;url:https%3A%2F%2Fgestoriamonmar.com%2Fca%2Fcontacte%2F|title:Contacte&#8221;][\/vc_column][\/vc_row]<\/p>\n<\/div>","protected":false},"excerpt":{"rendered":"<p>[vc_row][vc_column width=&#8221;1\/5&#8243;][vc_single_image image=&#8221;2917&#8243; img_size=&#8221;medium&#8221;][vc_column_text] Assessoria Comptable [\/vc_column_text][\/vc_column][vc_column width=&#8221;1\/5&#8243;][vc_single_image image=&#8221;2918&#8243; img_size=&#8221;medium&#8221;][vc_column_text] Assessoria Fiscal [\/vc_column_text][\/vc_column][vc_column width=&#8221;1\/5&#8243;][vc_single_image image=&#8221;2919&#8243; img_size=&#8221;medium&#8221;][vc_column_text] Assessoria Laboral [\/vc_column_text][\/vc_column][vc_column width=&#8221;1\/5&#8243;][vc_single_image image=&#8221;2922&#8243; img_size=&#8221;medium&#8221;][vc_column_text] Assessoria [&hellip;]<\/p>\n","protected":false},"author":1,"featured_media":0,"parent":0,"menu_order":3,"comment_status":"closed","ping_status":"closed","template":"","meta":{"footnotes":""},"class_list":["post-3114","page","type-page","status-publish","hentry"],"aioseo_notices":[],"_links":{"self":[{"href":"https:\/\/gestoriamonmar.com\/ca\/wp-json\/wp\/v2\/pages\/3114","targetHints":{"allow":["GET"]}}],"collection":[{"href":"https:\/\/gestoriamonmar.com\/ca\/wp-json\/wp\/v2\/pages"}],"about":[{"href":"https:\/\/gestoriamonmar.com\/ca\/wp-json\/wp\/v2\/types\/page"}],"author":[{"embeddable":true,"href":"https:\/\/gestoriamonmar.com\/ca\/wp-json\/wp\/v2\/users\/1"}],"replies":[{"embeddable":true,"href":"https:\/\/gestoriamonmar.com\/ca\/wp-json\/wp\/v2\/comments?post=3114"}],"version-history":[{"count":6,"href":"https:\/\/gestoriamonmar.com\/ca\/wp-json\/wp\/v2\/pages\/3114\/revisions"}],"predecessor-version":[{"id":3129,"href":"https:\/\/gestoriamonmar.com\/ca\/wp-json\/wp\/v2\/pages\/3114\/revisions\/3129"}],"wp:attachment":[{"href":"https:\/\/gestoriamonmar.com\/ca\/wp-json\/wp\/v2\/media?parent=3114"}],"curies":[{"name":"wp","href":"https:\/\/api.w.org\/{rel}","templated":true}]}}