{"id":3107,"date":"2017-06-02T14:39:06","date_gmt":"2017-06-02T14:39:06","guid":{"rendered":"https:\/\/gestoriamonmar.com\/home\/how-can-we-help\/"},"modified":"2022-07-14T11:58:19","modified_gmt":"2022-07-14T11:58:19","slug":"how-can-we-help","status":"publish","type":"page","link":"https:\/\/gestoriamonmar.com\/ca\/home\/how-can-we-help\/","title":{"rendered":""},"content":{"rendered":"<div class=\"wpb-content-wrapper\"><p>[vc_row][vc_column]\n\t\t\t<!-- START Elder care 1 REVOLUTION SLIDER 6.7.21 --><p class=\"rs-p-wp-fix\"><\/p>\n\t\t\t<rs-module-wrap id=\"rev_slider_2_1_wrapper\" data-source=\"gallery\" style=\"visibility:hidden;background:#1fbbd6;padding:0;margin:0px auto;margin-top:0;margin-bottom:0;\">\n\t\t\t\t<rs-module id=\"rev_slider_2_1\" style=\"\" data-version=\"6.7.21\">\n\t\t\t\t\t<rs-slides style=\"overflow: hidden; position: absolute;\">\n\t\t\t\t\t\t<rs-slide style=\"position: absolute;\" data-key=\"rs-4\" data-title=\"RETIREMENT HOME CARE\" data-description=\"Safety care for the elderly at homes\" data-anim=\"adpr:false;e:slidingoverlay;ms:2000;\" data-in=\"o:1;y:-100%;\" data-out=\"a:false;\">\n\t\t\t\t\t\t\t<img decoding=\"async\" src=\"\/\/gestoriamonmar.com\/wp-content\/plugins\/revslider\/sr6\/assets\/assets\/dummy.png\" alt=\"Gestor\u00eda Monmar\" title=\"Gestor\u00eda Monmar\" width=\"1920\" height=\"650\" class=\"rev-slidebg tp-rs-img rs-lazyload\" data-lazyload=\"\/\/gestoriamonmar.com\/wp-content\/uploads\/2022\/05\/Gestoria.png\" data-parallax=\"10\" data-no-retina>\n<!--\n\t\t\t\t\t\t\t--><p\n\t\t\t\t\t\t\t\tid=\"slider-2-slide-4-layer-1\" \n\t\t\t\t\t\t\t\tclass=\"rs-layer Newspaper-Title\"\n\t\t\t\t\t\t\t\tdata-type=\"text\"\n\t\t\t\t\t\t\t\tdata-color=\"#ffffff||#ffffff||#ffffff||rgba(255, 255, 255, 1)\"\n\t\t\t\t\t\t\t\tdata-rsp_ch=\"on\"\n\t\t\t\t\t\t\t\tdata-xy=\"xo:27px,27px,27px,30px;y:m,m,m,t;yo:-26px,-26px,-26px,4px;\"\n\t\t\t\t\t\t\t\tdata-text=\"w:normal;s:30;l:35;fw:600,600,600,400;\"\n\t\t\t\t\t\t\t\tdata-dim=\"w:703px,703px,703px,420px;h:160px,160px,160px,auto;\"\n\t\t\t\t\t\t\t\tdata-padding=\"b:10;\"\n\t\t\t\t\t\t\t\tdata-frame_0=\"y:-100%;o:1;\"\n\t\t\t\t\t\t\t\tdata-frame_0_mask=\"u:t;\"\n\t\t\t\t\t\t\t\tdata-frame_1=\"st:1000;sp:1500;sR:1000;\"\n\t\t\t\t\t\t\t\tdata-frame_1_mask=\"u:t;\"\n\t\t\t\t\t\t\t\tdata-frame_999=\"st:w;sp:1000;sR:6500;auto:true;\"\n\t\t\t\t\t\t\t\tdata-frame_999_mask=\"u:t;\"\n\t\t\t\t\t\t\t\tstyle=\"z-index:5;background-color:rgba(255,255,255,0);font-family:'Montserrat';\"\n\t\t\t\t\t\t\t>GESTORIA MONMAR, neix de la m\u00e0 de dues professionals titulades i especialitzades en l'\u00e0mbit Comptable, Fiscal i Laboral, amb m\u00e9s de 25 anys d'experi\u00e8ncia \n\t\t\t\t\t\t\t<\/p><!--\n\n\t\t\t\t\t\t\t--><rs-layer\n\t\t\t\t\t\t\t\tid=\"slider-2-slide-4-layer-7\" \n\t\t\t\t\t\t\t\tclass=\"Newspaper-Subtitle\"\n\t\t\t\t\t\t\t\tdata-type=\"text\"\n\t\t\t\t\t\t\t\tdata-color=\"#ffffff||#ffffff||#ffffff||rgba(168, 216, 238, 1)\"\n\t\t\t\t\t\t\t\tdata-rsp_ch=\"on\"\n\t\t\t\t\t\t\t\tdata-xy=\"xo:30px;y:m,m,m,t;yo:130px,130px,130px,259px;\"\n\t\t\t\t\t\t\t\tdata-text=\"s:15;l:20;fw:800;a:center;\"\n\t\t\t\t\t\t\t\tdata-dim=\"w:170px,170px,170px,auto;\"\n\t\t\t\t\t\t\t\tdata-vbility=\"t,t,f,f\"\n\t\t\t\t\t\t\t\tdata-frame_0=\"y:-100%;o:1;\"\n\t\t\t\t\t\t\t\tdata-frame_0_mask=\"u:t;\"\n\t\t\t\t\t\t\t\tdata-frame_1=\"st:1000;sp:1500;sR:1000;\"\n\t\t\t\t\t\t\t\tdata-frame_1_mask=\"u:t;\"\n\t\t\t\t\t\t\t\tdata-frame_999=\"st:w;sp:1000;sR:6500;auto:true;\"\n\t\t\t\t\t\t\t\tdata-frame_999_mask=\"u:t;\"\n\t\t\t\t\t\t\t\tstyle=\"z-index:7;background-color:#5E8DCE;font-family:'Open Sans';\"\n\t\t\t\t\t\t\t><a href=\"https:\/\/gestoriamonmar.com\/quienes-somos\/\" title=\"\" class=\"tt_button\">\nConeix-nos<\/span><\/a> \n\t\t\t\t\t\t\t<\/rs-layer><!--\n-->\t\t\t\t\t<\/rs-slide>\n\t\t\t\t\t<\/rs-slides>\n\t\t\t\t<\/rs-module>\n\t\t\t\t<script>\n\t\t\t\t\tsetREVStartSize({c: 'rev_slider_2_1',rl:[1240,1240,1240,480],el:[650,650,650,300],gw:[1240,1240,1240,480],gh:[650,650,650,300],type:'standard',justify:'',layout:'fullwidth',mh:\"0\"});if (window.RS_MODULES!==undefined && window.RS_MODULES.modules!==undefined && window.RS_MODULES.modules[\"revslider21\"]!==undefined) {window.RS_MODULES.modules[\"revslider21\"].once = false;window.revapi2 = undefined;if (window.RS_MODULES.checkMinimal!==undefined) window.RS_MODULES.checkMinimal()}\n\t\t\t\t<\/script>\n\t\t\t<\/rs-module-wrap>\n\t\t\t<!-- END REVOLUTION SLIDER -->\n[\/vc_column][\/vc_row][vc_row css=&#8221;.vc_custom_1652342947016{border-top-width: 0px !important;padding-top: 0px !important;}&#8221;][vc_column width=&#8221;1\/3&#8243;][vc_single_image image=&#8221;3091&#8243; img_size=&#8221;medium&#8221;][vc_empty_space height=&#8221;10px&#8221;]<div class=\"key-icon-box icon-default  cont-left kd-animated fadeInUp \" style=\"background-color: none;\" ><h4 class=\"service-heading\" >Assessoria comptable<\/h4><p >Oferim a tots els nostres clients assessorament comptable, gesti\u00f3 d'assentaments comptables, obertura i tancament de l'exercici, balan\u00e7os i resultats comptables...<\/p><\/div>[vc_empty_space height=&#8221;15px&#8221;]<a  href=\"https:\/\/gestoriamonmar.com\/ca\/serveis\/\"  target=\"_self\"  title=\"Servicios\" class=\"tt_button tt_secondary_button  pull-left  \" ><span class=\"prim_text\">Saber m\u00e9s<\/span><\/a>[vc_empty_space height=&#8221;25px&#8221;][\/vc_column][vc_column width=&#8221;1\/3&#8243;][vc_single_image image=&#8221;3092&#8243; img_size=&#8221;medium&#8221;][vc_empty_space height=&#8221;10px&#8221;]<div class=\"key-icon-box icon-default  cont-left kd-animated fadeInUp \" style=\"background-color: none;\" ><h4 class=\"service-heading\" >Assessoria Fiscal<\/h4><p >Assessorem els nostres clients en totes les q\u00fcestions relatives a fiscalitat i tributaci\u00f3 d'impostos, tant a nivell particular com empresarial i aut\u00f2noms.<\/p><\/div>[vc_empty_space height=&#8221;15px&#8221;]<a  href=\"https:\/\/gestoriamonmar.com\/ca\/serveis\/\"  target=\"_self\"  title=\"Serveis\" class=\"tt_button tt_secondary_button  pull-left  \" ><span class=\"prim_text\">Saber m\u00e9s<\/span><\/a>[vc_empty_space height=&#8221;25px&#8221;][\/vc_column][vc_column width=&#8221;1\/3&#8243;][vc_single_image image=&#8221;3093&#8243; img_size=&#8221;medium&#8221;][vc_empty_space height=&#8221;10px&#8221;]<div class=\"key-icon-box icon-default  cont-left kd-animated fadeInUp \" style=\"background-color: none;\" ><h4 class=\"service-heading\" >Assessoria Laboral<\/h4><p >Assessorament integral a empreses, aut\u00f2noms i particulars en qualsevol problem\u00e0tica derivada del m\u00f3n labora: assessorament, consultoria, gestions, tr\u00e0mits...<\/p><\/div>[vc_empty_space height=&#8221;15px&#8221;]<a  href=\"https:\/\/gestoriamonmar.com\/ca\/serveis\/\"  target=\"_self\"  title=\"Serveis\" class=\"tt_button tt_secondary_button  pull-left  \" ><span class=\"prim_text\">Saber m\u00e9s<\/span><\/a>[vc_empty_space height=&#8221;25px&#8221;][\/vc_column][\/vc_row][vc_row full_width=&#8221;stretch_row&#8221; css=&#8221;.vc_custom_1652340446307{background-color: #f7f7f7 !important;}&#8221;][vc_column width=&#8221;1\/2&#8243;][vc_custom_heading text=&#8221;Coneix m\u00e9s sobre Gestoria Monmar&#8221; use_theme_fonts=&#8221;yes&#8221;][vc_empty_space height=&#8221;10px&#8221;][vc_column_text]GESTORIA\u00a0MONMAR, neix de la m\u00e0 de dues professionals titulades i especialitzades en l&#8217;\u00e0mbit Comptable, Fiscal i Laboral, amb m\u00e9s de 25 anys d&#8217;experi\u00e8ncia. Comptem amb un equip hum\u00e0 que representa el nostre major capital.<\/p>\n<p>L&#8217;especialitzaci\u00f3 i l&#8217;actualitzaci\u00f3 de coneixements \u00e9s la pedra angular del nostre projecte.<\/p>\n<p>Anteposant els interessos dels nostres clients, treballem per a adaptar-nos a les seves necessitats i oferir un tracte personalitzat, hum\u00e0 i efica\u00e7[\/vc_column_text]<a  href=\"https:\/\/gestoriamonmar.com\/ca\/qui-som\/\"  target=\"_self\"  title=\"qui som\" class=\"tt_button   pull-left  \" ><span class=\"prim_text\">Coneix-nos<\/span><\/a>[vc_empty_space height=&#8221;30px&#8221;][\/vc_column][vc_column width=&#8221;1\/2&#8243;][vc_single_image image=&#8221;3101&#8243; img_size=&#8221;full&#8221;][\/vc_column][\/vc_row][vc_row css=&#8221;.vc_custom_1652340373144{background-color: #ffffff !important;}&#8221;][vc_column][vc_column_text]<\/p>\n<h3 style=\"text-align: center;\">Pressupost sense comprom\u00eds<\/h3>\n<h5 style=\"text-align: center;\">Posa&#8217;t en contacte amb nosaltres i estudiarem el teu cas de forma personalitzada<\/h5>\n<p>[\/vc_column_text]<a  href=\"https:\/\/gestoriamonmar.com\/ca\/contacte\/\"  target=\"_self\"  title=\"Contacte\" class=\"tt_button   button-center  \" ><span class=\"prim_text\">OBTINGUES EL TEU PRESSUPOST<\/span><\/a>[\/vc_column][\/vc_row][vc_row][vc_column][vc_separator color=&#8221;turquoise&#8221; border_width=&#8221;2&#8243; el_width=&#8221;70&#8243;][\/vc_column][\/vc_row][vc_row][vc_column width=&#8221;1\/6&#8243;][\/vc_column][vc_column width=&#8221;1\/6&#8243;][\/vc_column][vc_column width=&#8221;1\/6&#8243;][vc_single_image image=&#8221;3099&#8243; img_size=&#8221;medium&#8221;][\/vc_column][vc_column width=&#8221;1\/6&#8243;][vc_single_image image=&#8221;3100&#8243; img_size=&#8221;medium&#8221;][\/vc_column][vc_column width=&#8221;1\/6&#8243;][\/vc_column][vc_column width=&#8221;1\/6&#8243;][\/vc_column][\/vc_row]<\/p>\n<\/div>","protected":false},"excerpt":{"rendered":"<p>[vc_row][vc_column][\/vc_column][\/vc_row][vc_row css=&#8221;.vc_custom_1652342947016{border-top-width: 0px !important;padding-top: 0px !important;}&#8221;][vc_column width=&#8221;1\/3&#8243;][vc_single_image image=&#8221;3091&#8243; img_size=&#8221;medium&#8221;][vc_empty_space height=&#8221;10px&#8221;][vc_empty_space height=&#8221;15px&#8221;][vc_empty_space height=&#8221;25px&#8221;][\/vc_column][vc_column width=&#8221;1\/3&#8243;][vc_single_image image=&#8221;3092&#8243; img_size=&#8221;medium&#8221;][vc_empty_space height=&#8221;10px&#8221;][vc_empty_space height=&#8221;15px&#8221;][vc_empty_space height=&#8221;25px&#8221;][\/vc_column][vc_column width=&#8221;1\/3&#8243;][vc_single_image image=&#8221;3093&#8243; img_size=&#8221;medium&#8221;][vc_empty_space height=&#8221;10px&#8221;][vc_empty_space height=&#8221;15px&#8221;][vc_empty_space [&hellip;]<\/p>\n","protected":false},"author":1,"featured_media":0,"parent":3106,"menu_order":10,"comment_status":"closed","ping_status":"closed","template":"","meta":{"footnotes":""},"class_list":["post-3107","page","type-page","status-publish","hentry"],"aioseo_notices":[],"_links":{"self":[{"href":"https:\/\/gestoriamonmar.com\/ca\/wp-json\/wp\/v2\/pages\/3107","targetHints":{"allow":["GET"]}}],"collection":[{"href":"https:\/\/gestoriamonmar.com\/ca\/wp-json\/wp\/v2\/pages"}],"about":[{"href":"https:\/\/gestoriamonmar.com\/ca\/wp-json\/wp\/v2\/types\/page"}],"author":[{"embeddable":true,"href":"https:\/\/gestoriamonmar.com\/ca\/wp-json\/wp\/v2\/users\/1"}],"replies":[{"embeddable":true,"href":"https:\/\/gestoriamonmar.com\/ca\/wp-json\/wp\/v2\/comments?post=3107"}],"version-history":[{"count":8,"href":"https:\/\/gestoriamonmar.com\/ca\/wp-json\/wp\/v2\/pages\/3107\/revisions"}],"predecessor-version":[{"id":3156,"href":"https:\/\/gestoriamonmar.com\/ca\/wp-json\/wp\/v2\/pages\/3107\/revisions\/3156"}],"up":[{"embeddable":true,"href":"https:\/\/gestoriamonmar.com\/ca\/wp-json\/wp\/v2\/pages\/3106"}],"wp:attachment":[{"href":"https:\/\/gestoriamonmar.com\/ca\/wp-json\/wp\/v2\/media?parent=3107"}],"curies":[{"name":"wp","href":"https:\/\/api.w.org\/{rel}","templated":true}]}}